{"id":119,"date":"2020-08-19T02:09:07","date_gmt":"2020-08-19T06:09:07","guid":{"rendered":"https:\/\/josediaztopografia.cl\/?page_id=119"},"modified":"2023-03-29T16:52:36","modified_gmt":"2023-03-29T19:52:36","slug":"nosotros","status":"publish","type":"page","link":"https:\/\/josediaztopografia.cl\/?page_id=119","title":{"rendered":"Sobre Nosotros"},"content":{"rendered":"\t\t<div data-elementor-type=\"wp-page\" data-elementor-id=\"119\" class=\"elementor elementor-119\">\n\t\t\t\t\t\t<section class=\"elementor-section elementor-top-section elementor-element elementor-element-67145ad elementor-section-boxed elementor-section-height-default elementor-section-height-default\" data-id=\"67145ad\" data-element_type=\"section\" data-settings=\"{&quot;background_background&quot;:&quot;classic&quot;}\">\n\t\t\t\t\t\t\t<div class=\"elementor-background-overlay\"><\/div>\n\t\t\t\t\t\t\t<div class=\"elementor-container elementor-column-gap-no\">\n\t\t\t\t\t<div class=\"elementor-column elementor-col-100 elementor-top-column elementor-element elementor-element-b69ac67\" data-id=\"b69ac67\" data-element_type=\"column\">\n\t\t\t<div class=\"elementor-widget-wrap elementor-element-populated\">\n\t\t\t\t\t\t<div class=\"elementor-element elementor-element-ba6412d elementor-widget elementor-widget-heading\" data-id=\"ba6412d\" data-element_type=\"widget\" data-widget_type=\"heading.default\">\n\t\t\t\t<div class=\"elementor-widget-container\">\n\t\t\t<style>\/*! elementor - v3.19.0 - 07-02-2024 *\/\n.elementor-heading-title{padding:0;margin:0;line-height:1}.elementor-widget-heading .elementor-heading-title[class*=elementor-size-]>a{color:inherit;font-size:inherit;line-height:inherit}.elementor-widget-heading .elementor-heading-title.elementor-size-small{font-size:15px}.elementor-widget-heading .elementor-heading-title.elementor-size-medium{font-size:19px}.elementor-widget-heading .elementor-heading-title.elementor-size-large{font-size:29px}.elementor-widget-heading .elementor-heading-title.elementor-size-xl{font-size:39px}.elementor-widget-heading .elementor-heading-title.elementor-size-xxl{font-size:59px}<\/style><h1 class=\"elementor-heading-title elementor-size-default\">Quienes Somos<\/h1>\t\t<\/div>\n\t\t\t\t<\/div>\n\t\t\t\t<div class=\"elementor-element elementor-element-065ff56 elementor-widget elementor-widget-text-editor\" data-id=\"065ff56\" data-element_type=\"widget\" data-widget_type=\"text-editor.default\">\n\t\t\t\t<div class=\"elementor-widget-container\">\n\t\t\t<style>\/*! elementor - v3.19.0 - 07-02-2024 *\/\n.elementor-widget-text-editor.elementor-drop-cap-view-stacked .elementor-drop-cap{background-color:#69727d;color:#fff}.elementor-widget-text-editor.elementor-drop-cap-view-framed .elementor-drop-cap{color:#69727d;border:3px solid;background-color:transparent}.elementor-widget-text-editor:not(.elementor-drop-cap-view-default) .elementor-drop-cap{margin-top:8px}.elementor-widget-text-editor:not(.elementor-drop-cap-view-default) .elementor-drop-cap-letter{width:1em;height:1em}.elementor-widget-text-editor .elementor-drop-cap{float:left;text-align:center;line-height:1;font-size:50px}.elementor-widget-text-editor .elementor-drop-cap-letter{display:inline-block}<\/style>\t\t\t\t<p>\u00a1Bienvenidos! A continuaci\u00f3n encontrar\u00e1s informaci\u00f3n relevante acerca de nuestra empresa y los servicios que ofrecemos. En un mundo cada vez m\u00e1s exigente y competitivo, es fundamental contar con un equipo profesional y capacitado que pueda brindarte soluciones integrales en el \u00e1rea de la topograf\u00eda.<\/p>\t\t\t\t\t\t<\/div>\n\t\t\t\t<\/div>\n\t\t\t\t\t<\/div>\n\t\t<\/div>\n\t\t\t\t\t<\/div>\n\t\t<\/section>\n\t\t\t\t<section class=\"elementor-section elementor-top-section elementor-element elementor-element-d9e6b66 elementor-section-boxed elementor-section-height-default elementor-section-height-default\" data-id=\"d9e6b66\" data-element_type=\"section\" data-settings=\"{&quot;background_background&quot;:&quot;classic&quot;}\">\n\t\t\t\t\t\t<div class=\"elementor-container elementor-column-gap-no\">\n\t\t\t\t\t<div class=\"elementor-column elementor-col-50 elementor-top-column elementor-element elementor-element-1d7c6e9\" data-id=\"1d7c6e9\" data-element_type=\"column\" data-settings=\"{&quot;background_background&quot;:&quot;classic&quot;}\">\n\t\t\t<div class=\"elementor-widget-wrap elementor-element-populated\">\n\t\t\t\t\t<div class=\"elementor-background-overlay\"><\/div>\n\t\t\t\t\t\t<div class=\"elementor-element elementor-element-606cdf4 elementor-widget elementor-widget-image\" data-id=\"606cdf4\" data-element_type=\"widget\" data-widget_type=\"image.default\">\n\t\t\t\t<div class=\"elementor-widget-container\">\n\t\t\t<style>\/*! elementor - v3.19.0 - 07-02-2024 *\/\n.elementor-widget-image{text-align:center}.elementor-widget-image a{display:inline-block}.elementor-widget-image a img[src$=\".svg\"]{width:48px}.elementor-widget-image img{vertical-align:middle;display:inline-block}<\/style>\t\t\t\t\t\t\t\t\t\t<img fetchpriority=\"high\" decoding=\"async\" width=\"728\" height=\"1092\" src=\"https:\/\/josediaztopografia.cl\/wp-content\/uploads\/2023\/03\/0Y5A0273-scaled-e1678937335685.jpg\" class=\"attachment-full size-full wp-image-545\" alt=\"\" srcset=\"https:\/\/josediaztopografia.cl\/wp-content\/uploads\/2023\/03\/0Y5A0273-scaled-e1678937335685.jpg 728w, https:\/\/josediaztopografia.cl\/wp-content\/uploads\/2023\/03\/0Y5A0273-scaled-e1678937335685-200x300.jpg 200w, https:\/\/josediaztopografia.cl\/wp-content\/uploads\/2023\/03\/0Y5A0273-scaled-e1678937335685-683x1024.jpg 683w\" sizes=\"(max-width: 728px) 100vw, 728px\" \/>\t\t\t\t\t\t\t\t\t\t\t\t\t<\/div>\n\t\t\t\t<\/div>\n\t\t\t\t\t<\/div>\n\t\t<\/div>\n\t\t\t\t<div class=\"elementor-column elementor-col-50 elementor-top-column elementor-element elementor-element-daf2e83\" data-id=\"daf2e83\" data-element_type=\"column\">\n\t\t\t<div class=\"elementor-widget-wrap elementor-element-populated\">\n\t\t\t\t\t\t<div class=\"elementor-element elementor-element-34c29c6 elementor-widget elementor-widget-heading\" data-id=\"34c29c6\" data-element_type=\"widget\" data-widget_type=\"heading.default\">\n\t\t\t\t<div class=\"elementor-widget-container\">\n\t\t\t<h2 class=\"elementor-heading-title elementor-size-default\">Profesionales y Expertos en Asesor\u00edas Topogr\u00e1ficas.<\/h2>\t\t<\/div>\n\t\t\t\t<\/div>\n\t\t\t\t<div class=\"elementor-element elementor-element-988a298 elementor-widget elementor-widget-text-editor\" data-id=\"988a298\" data-element_type=\"widget\" data-widget_type=\"text-editor.default\">\n\t\t\t\t<div class=\"elementor-widget-container\">\n\t\t\t\t\t\t\t<p>Jos\u00e9 D\u00edaz Topograf\u00eda C\u00eda. Ltda. es una empresa con una trayectoria de +35 a\u00f1os en la realizaci\u00f3n de servicios de topograf\u00eda. Fue fundada en 1982 por Jos\u00e9 D\u00edaz Paredes, quien es top\u00f3grafo egresado de la Universidad de Chile.<\/p><p>En el a\u00f1o 2005, la empresa pas\u00f3 de ser un proyecto individual a convertirse en Jos\u00e9 D\u00edaz Topograf\u00eda E.I.R.L., y posteriormente, en 2008, a Jos\u00e9 D\u00edaz Topograf\u00eda C\u00eda. Ltda. Estas transformaciones permitieron consolidar su posici\u00f3n como empresa de servicios de topograf\u00eda, ajustando su estructura jur\u00eddica para adaptarse a las necesidades de sus clientes y cumplir con la normativa legal vigente en el pa\u00eds.<\/p><p>La incorporaci\u00f3n de nuevos profesionales y equipos de \u00faltima tecnolog\u00eda, junto con un servicio de alta calidad, ha permitido a la empresa no solo consolidarse en el mercado de la topograf\u00eda, sino tambi\u00e9n enfrentar nuevos desaf\u00edos y ampliar su \u00e1rea de especializaci\u00f3n para acoger nuevos clientes. Jos\u00e9 D\u00edaz Topograf\u00eda C\u00eda. Ltda. aspira a seguir creciendo y ofreciendo soluciones integrales a sus clientes en un mercado cada vez m\u00e1s competitivo.<\/p>\t\t\t\t\t\t<\/div>\n\t\t\t\t<\/div>\n\t\t\t\t\t<\/div>\n\t\t<\/div>\n\t\t\t\t\t<\/div>\n\t\t<\/section>\n\t\t\t\t<section class=\"elementor-section elementor-top-section elementor-element elementor-element-8d667eb elementor-section-boxed elementor-section-height-default elementor-section-height-default\" data-id=\"8d667eb\" data-element_type=\"section\" data-settings=\"{&quot;background_background&quot;:&quot;classic&quot;}\">\n\t\t\t\t\t\t\t<div class=\"elementor-background-overlay\"><\/div>\n\t\t\t\t\t\t\t<div class=\"elementor-container elementor-column-gap-no\">\n\t\t\t\t\t<div class=\"elementor-column elementor-col-100 elementor-top-column elementor-element elementor-element-f4061d2\" data-id=\"f4061d2\" data-element_type=\"column\">\n\t\t\t<div class=\"elementor-widget-wrap elementor-element-populated\">\n\t\t\t\t\t\t<section class=\"elementor-section elementor-inner-section elementor-element elementor-element-fe3eafd elementor-section-boxed elementor-section-height-default elementor-section-height-default\" data-id=\"fe3eafd\" data-element_type=\"section\">\n\t\t\t\t\t\t<div class=\"elementor-container elementor-column-gap-no\">\n\t\t\t\t\t<div class=\"elementor-column elementor-col-33 elementor-inner-column elementor-element elementor-element-3c214d3\" data-id=\"3c214d3\" data-element_type=\"column\">\n\t\t\t<div class=\"elementor-widget-wrap elementor-element-populated\">\n\t\t\t\t\t\t<div class=\"elementor-element elementor-element-e265501 elementor-widget elementor-widget-heading\" data-id=\"e265501\" data-element_type=\"widget\" data-widget_type=\"heading.default\">\n\t\t\t\t<div class=\"elementor-widget-container\">\n\t\t\t<h3 class=\"elementor-heading-title elementor-size-default\">Nuestra Misi\u00f3n<\/h3>\t\t<\/div>\n\t\t\t\t<\/div>\n\t\t\t\t\t<\/div>\n\t\t<\/div>\n\t\t\t\t<div class=\"elementor-column elementor-col-66 elementor-inner-column elementor-element elementor-element-5fb592a\" data-id=\"5fb592a\" data-element_type=\"column\">\n\t\t\t<div class=\"elementor-widget-wrap elementor-element-populated\">\n\t\t\t\t\t\t<div class=\"elementor-element elementor-element-e415e43 elementor-widget elementor-widget-text-editor\" data-id=\"e415e43\" data-element_type=\"widget\" data-widget_type=\"text-editor.default\">\n\t\t\t\t<div class=\"elementor-widget-container\">\n\t\t\t\t\t\t\t<p>Nuestra misi\u00f3n es ser l\u00edderes en el mercado de la topograf\u00eda, ofreciendo soluciones integrales y eficientes, y estableciendo relaciones de confianza y compromiso con nuestros clientes.<\/p>\t\t\t\t\t\t<\/div>\n\t\t\t\t<\/div>\n\t\t\t\t\t<\/div>\n\t\t<\/div>\n\t\t\t\t\t<\/div>\n\t\t<\/section>\n\t\t\t\t<section class=\"elementor-section elementor-inner-section elementor-element elementor-element-b56bede elementor-section-boxed elementor-section-height-default elementor-section-height-default\" data-id=\"b56bede\" data-element_type=\"section\">\n\t\t\t\t\t\t<div class=\"elementor-container elementor-column-gap-no\">\n\t\t\t\t\t<div class=\"elementor-column elementor-col-33 elementor-inner-column elementor-element elementor-element-7121408\" data-id=\"7121408\" data-element_type=\"column\">\n\t\t\t<div class=\"elementor-widget-wrap elementor-element-populated\">\n\t\t\t\t\t\t<div class=\"elementor-element elementor-element-45f0c90 elementor-widget elementor-widget-heading\" data-id=\"45f0c90\" data-element_type=\"widget\" data-widget_type=\"heading.default\">\n\t\t\t\t<div class=\"elementor-widget-container\">\n\t\t\t<h3 class=\"elementor-heading-title elementor-size-default\">Nuestra Visi\u00f3n<\/h3>\t\t<\/div>\n\t\t\t\t<\/div>\n\t\t\t\t\t<\/div>\n\t\t<\/div>\n\t\t\t\t<div class=\"elementor-column elementor-col-66 elementor-inner-column elementor-element elementor-element-2d51343\" data-id=\"2d51343\" data-element_type=\"column\">\n\t\t\t<div class=\"elementor-widget-wrap elementor-element-populated\">\n\t\t\t\t\t\t<div class=\"elementor-element elementor-element-2c00d48 elementor-widget elementor-widget-text-editor\" data-id=\"2c00d48\" data-element_type=\"widget\" data-widget_type=\"text-editor.default\">\n\t\t\t\t<div class=\"elementor-widget-container\">\n\t\t\t\t\t\t\t<p>Nuestra visi\u00f3n es ser una empresa l\u00edder en la topograf\u00eda, reconocida por nuestra capacidad de ofrecer soluciones integrales, eficientes e innovadoras, y ser un socio estrat\u00e9gico y confiable para nuestros clientes.<\/p>\t\t\t\t\t\t<\/div>\n\t\t\t\t<\/div>\n\t\t\t\t\t<\/div>\n\t\t<\/div>\n\t\t\t\t\t<\/div>\n\t\t<\/section>\n\t\t\t\t\t<\/div>\n\t\t<\/div>\n\t\t\t\t\t<\/div>\n\t\t<\/section>\n\t\t\t\t<section class=\"elementor-section elementor-top-section elementor-element elementor-element-9eb0904 elementor-section-boxed elementor-section-height-default elementor-section-height-default\" data-id=\"9eb0904\" data-element_type=\"section\" data-settings=\"{&quot;background_background&quot;:&quot;classic&quot;}\">\n\t\t\t\t\t\t<div class=\"elementor-container elementor-column-gap-no\">\n\t\t\t\t\t<div class=\"elementor-column elementor-col-100 elementor-top-column elementor-element elementor-element-b934ed8\" data-id=\"b934ed8\" data-element_type=\"column\">\n\t\t\t<div class=\"elementor-widget-wrap elementor-element-populated\">\n\t\t\t\t\t\t<section class=\"elementor-section elementor-inner-section elementor-element elementor-element-5f15b62 elementor-section-height-min-height elementor-section-content-bottom elementor-section-boxed elementor-section-height-default\" data-id=\"5f15b62\" data-element_type=\"section\" data-settings=\"{&quot;background_background&quot;:&quot;classic&quot;}\">\n\t\t\t\t\t\t\t<div class=\"elementor-background-overlay\"><\/div>\n\t\t\t\t\t\t\t<div class=\"elementor-container elementor-column-gap-no\">\n\t\t\t\t\t<div class=\"elementor-column elementor-col-100 elementor-inner-column elementor-element elementor-element-d74eead\" data-id=\"d74eead\" data-element_type=\"column\">\n\t\t\t<div class=\"elementor-widget-wrap elementor-element-populated\">\n\t\t\t\t\t\t<div class=\"elementor-element elementor-element-6e2d546 elementor-view-stacked elementor-position-left elementor-shape-circle elementor-mobile-position-top elementor-vertical-align-top elementor-widget elementor-widget-icon-box\" data-id=\"6e2d546\" data-element_type=\"widget\" data-widget_type=\"icon-box.default\">\n\t\t\t\t<div class=\"elementor-widget-container\">\n\t\t\t<link rel=\"stylesheet\" href=\"https:\/\/josediaztopografia.cl\/wp-content\/plugins\/elementor\/assets\/css\/widget-icon-box.min.css\">\t\t<div class=\"elementor-icon-box-wrapper\">\n\t\t\t\t\t\t<div class=\"elementor-icon-box-icon\">\n\t\t\t\t<a href=\"#\" class=\"elementor-icon elementor-animation-\" tabindex=\"-1\">\n\t\t\t\t<i aria-hidden=\"true\" class=\"fas fa-play\"><\/i>\t\t\t\t<\/a>\n\t\t\t<\/div>\n\t\t\t\t\t\t<div class=\"elementor-icon-box-content\">\n\t\t\t\t<h3 class=\"elementor-icon-box-title\">\n\t\t\t\t\t<a href=\"#\" >\n\t\t\t\t\t\t35+ A\u00f1os de Experiencia en Servicios y Asesor\u00eda Topogr\u00e1ficas.\t\t\t\t\t<\/a>\n\t\t\t\t<\/h3>\n\t\t\t\t\t\t\t<\/div>\n\t\t<\/div>\n\t\t\t\t<\/div>\n\t\t\t\t<\/div>\n\t\t\t\t\t<\/div>\n\t\t<\/div>\n\t\t\t\t\t<\/div>\n\t\t<\/section>\n\t\t\t\t\t<\/div>\n\t\t<\/div>\n\t\t\t\t\t<\/div>\n\t\t<\/section>\n\t\t\t\t<\/div>\n\t\t","protected":false},"excerpt":{"rendered":"<p>Quienes Somos \u00a1Bienvenidos! A continuaci\u00f3n encontrar\u00e1s informaci\u00f3n relevante acerca de nuestra empresa y los servicios que ofrecemos. En un mundo cada vez m\u00e1s exigente y competitivo, es fundamental contar con un equipo profesional y capacitado que pueda brindarte soluciones integrales en el \u00e1rea de la topograf\u00eda. Profesionales y Expertos en Asesor\u00edas Topogr\u00e1ficas. Jos\u00e9 D\u00edaz Topograf\u00eda &hellip;<\/p>\n<p class=\"read-more\"> <a class=\"\" href=\"https:\/\/josediaztopografia.cl\/?page_id=119\"> <span class=\"screen-reader-text\">Sobre Nosotros<\/span> Leer m\u00e1s &raquo;<\/a><\/p>\n","protected":false},"author":1,"featured_media":0,"parent":0,"menu_order":0,"comment_status":"closed","ping_status":"closed","template":"","meta":{"site-sidebar-layout":"no-sidebar","site-content-layout":"page-builder","ast-global-header-display":"","ast-main-header-display":"","ast-hfb-above-header-display":"","ast-hfb-below-header-display":"","ast-hfb-mobile-header-display":"","site-post-title":"disabled","ast-breadcrumbs-content":"","ast-featured-img":"disabled","footer-sml-layout":"","theme-transparent-header-meta":"enabled","adv-header-id-meta":"","stick-header-meta":"","header-above-stick-meta":"","header-main-stick-meta":"","header-below-stick-meta":"","footnotes":""},"_links":{"self":[{"href":"https:\/\/josediaztopografia.cl\/index.php?rest_route=\/wp\/v2\/pages\/119"}],"collection":[{"href":"https:\/\/josediaztopografia.cl\/index.php?rest_route=\/wp\/v2\/pages"}],"about":[{"href":"https:\/\/josediaztopografia.cl\/index.php?rest_route=\/wp\/v2\/types\/page"}],"author":[{"embeddable":true,"href":"https:\/\/josediaztopografia.cl\/index.php?rest_route=\/wp\/v2\/users\/1"}],"replies":[{"embeddable":true,"href":"https:\/\/josediaztopografia.cl\/index.php?rest_route=%2Fwp%2Fv2%2Fcomments&post=119"}],"version-history":[{"count":18,"href":"https:\/\/josediaztopografia.cl\/index.php?rest_route=\/wp\/v2\/pages\/119\/revisions"}],"predecessor-version":[{"id":749,"href":"https:\/\/josediaztopografia.cl\/index.php?rest_route=\/wp\/v2\/pages\/119\/revisions\/749"}],"wp:attachment":[{"href":"https:\/\/josediaztopografia.cl\/index.php?rest_route=%2Fwp%2Fv2%2Fmedia&parent=119"}],"curies":[{"name":"wp","href":"https:\/\/api.w.org\/{rel}","templated":true}]}}